{"id":8235,"date":"2025-02-03T12:38:28","date_gmt":"2025-02-03T11:38:28","guid":{"rendered":"https:\/\/marckitus.com\/?page_id=8235"},"modified":"2025-02-03T13:30:27","modified_gmt":"2025-02-03T12:30:27","slug":"eventos","status":"publish","type":"page","link":"https:\/\/marckitus.com\/en\/eventos\/","title":{"rendered":"events"},"content":{"rendered":"<p>[et_pb_section fb_built=\u00bb1&#8243; admin_label=\u00bbHero Section\u00bb _builder_version=\u00bb4.25.2&#8243; use_background_color_gradient=\u00bbon\u00bb background_color_gradient_direction=\u00bb105deg\u00bb background_color_gradient_stops=\u00bbgcid-0c8f2512-5d9c-43bf-915d-12a4ec46e3f2 0%|gcid-ea6a34b7-3964-4bb3-9ab0-b3684573f27e 100%\u00bb background_color_gradient_start=\u00bb#1bb3eb\u00bb background_color_gradient_end=\u00bb#25efcb\u00bb custom_padding=\u00bb60px|0px|60px|0px\u00bb global_colors_info=\u00bb{%22gcid-73ac8de7-4f85-45c2-87b4-acf77aa376cf%22:%91%22background_color_gradient_stops%22%93,%22gcid-0c8f2512-5d9c-43bf-915d-12a4ec46e3f2%22:%91%22background_color_gradient_stops%22%93,%22gcid-7570d8ab-5ac6-435c-af5f-4964edd0c445%22:%91%22background_color_gradient_stops%22%93,%22gcid-ea6a34b7-3964-4bb3-9ab0-b3684573f27e%22:%91%22background_color_gradient_stops%22%93}\u00bb][et_pb_row _builder_version=\u00bb4.16&#8243; background_size=\u00bbinitial\u00bb background_position=\u00bbtop_left\u00bb background_repeat=\u00bbrepeat\u00bb global_colors_info=\u00bb{}\u00bb][et_pb_column type=\u00bb4_4&#8243; _builder_version=\u00bb4.16&#8243; custom_padding=\u00bb|||\u00bb global_colors_info=\u00bb{}\u00bb custom_padding__hover=\u00bb|||\u00bb][et_pb_text _builder_version=\u00bb4.25.2&#8243; text_font=\u00bbPoppins||||||||\u00bb text_text_color=\u00bbrgba(255,255,255,0.8)\u00bb text_font_size=\u00bb18px\u00bb text_line_height=\u00bb1.8em\u00bb header_font=\u00bbPoppins|600|||||||\u00bb header_text_color=\u00bb#ffffff\u00bb header_font_size=\u00bb48px\u00bb header_line_height=\u00bb1.4em\u00bb header_3_font=\u00bbPoppins|600|||||||\u00bb header_3_font_size=\u00bb36px\u00bb header_3_line_height=\u00bb1.4em\u00bb background_layout=\u00bbdark\u00bb max_width=\u00bb600px\u00bb module_alignment=\u00bbleft\u00bb custom_margin=\u00bb|||\u00bb locked=\u00bboff\u00bb global_colors_info=\u00bb{}\u00bb]<\/p>\n<h1>Upcoming events<\/h1>\n<p>Orderly and updated list<\/p>\n<p>[\/et_pb_text][\/et_pb_column][\/et_pb_row][\/et_pb_section][et_pb_section fb_built=\"1\u2033 admin_label=\"Classes Section\" _builder_version=\"4.25.2\u2033 background_color=\"#fafbfc\" custom_padding=\"50px|0px|0px|110px|0px|false|false\" global_colors_info=\"{}\"][et_pb_row admin_label=\"Class\" _builder_version=\"4.25.2\u2033 custom_margin=\"|||60px|\" custom_padding=\"|40px|||40px|false|false|false\" animation_style=\"fade\" border_radii=\"on|6px|6px|6px|6px|6px|6px\" box_shadow_style=\"preset1\u2033 box_shadow_vertical=\"10px\" box_shadow_blur=\"24px\" box_shadow_spread=\"6px\" box_shadow_color=\"rgba(0,0,0,0.06)\" global_colors_info=\"{}\" column_structure=\"2_5,3_5\u2033 sticky_enabled=\"0\u2033 background_color=\"#ffffffff\" background_size=\"contain\" background_position=\"center_left\" background_enable_image=\"off\"][et_pb_column type=\"2_5\u2033 _builder_version=\"4.16\u2033 custom_padding=\"||||\" global_colors_info=\"{}\" custom_padding__hover=\"||||\"][et_pb_image src=\"https:\/\/marckitus.com\/wp-content\/uploads\/2025\/02\/cARTEL_mASTERCLASS_mADRID_low.jpg\" _builder_version=\"4.25.2\u2033 _module_preset=\"default\" title_text=\"cARTEL_mASTERCLASS_mADRID_low\" hover_enabled=\"0\u2033 sticky_enabled=\"0\u2033 width=\"50%\" align=\"center\"][\/et_pb_image][\/et_pb_column][et_pb_column _builder_version=\"4.25.2\u2033 _module_preset=\"default\" type=\"3_5\u2033][et_pb_text _builder_version=\"4.25.2\u2033 text_font=\"Open Sans||||||||\" text_text_color=\"#486066\u2033 text_font_size=\"15px\" text_line_height=\"1.8em\" header_font=\"||||||||\" header_3_font=\"Poppins|600|||||||\" header_3_text_color=\"#486066\u2033 header_3_font_size=\"18px\" header_3_line_height=\"1.4em\" locked=\"off\" global_colors_info=\"{}\"]<\/p>\n<h3>MENSTYLE Masterclass + professional recording.<\/h3>\n<ul>\n<li>Learn during 1:30h bachata menstyle technique + a complete choreo.<\/li>\n<li>Shoot with Marckitus a dance video made by a professional film-maker.<\/li>\n<li>We went out for drinks and social dancing together.<\/li>\n<\/ul>\n<p>[\/et_pb_text][et_pb_text _builder_version=\"4.25.2\u2033 text_font=\"Poppins|500|||||||\" text_text_color=\"#486066\u2033 text_font_size=\"15px\" text_line_height=\"1.8em\" link_font=\"||||||||\" link_text_color=\"#1bb3eb\" header_font=\"||||||||\" header_3_font=\"Poppins|600|||||||\" header_3_text_color=\"#486066\u2033 header_3_font_size=\"18px\" header_3_line_height=\"1.4em\" locked=\"off\" global_colors_info=\"{}\"]<\/p>\n<p>\ud83d\udcc5 Saturday <strong>22 Feb\u00a0<\/strong><\/p>\n<p>\ud83d\udd52 From <strong>11:00h to 13:00h<\/strong><br \/><span style=\"font-size: 15px;\">\ud83c\udfc1 Essence studios - <strong>Madrid<\/strong><\/span><span style=\"font-size: 15px;\"><\/span><\/p>\n<p>[\/et_pb_text][et_pb_button button_url=\"http:\/\/wa.me\/34616291322\u2033 button_text=\"Sign me up\" button_alignment=\"left\" _builder_version=\"4.25.2\u2033 custom_button=\"on\" button_text_size=\"14px\" button_text_color=\"#44d89e\" button_border_width=\"2px\" button_border_color=\"#44d89e\" button_border_radius=\"100px\" button_font=\"Poppins|600|||on|||||\" button_use_icon=\"off\" background_layout=\"dark\" custom_margin=\"||||\" custom_padding=\"12px|36px|12px|36px|36px\" hover_enabled=\"0\u2033 button_letter_spacing_hover=\"0\u2033 locked=\"off\" global_colors_info=\"{}\" button_text_size__hover_enabled=\"off\" button_one_text_size__hover_enabled=\"off\" button_two_text_size__hover_enabled=\"off\" button_text_color__hover_enabled=\"off\" button_text_color__hover_enabled=\"off\" button_one_text_color__hover_enabled=\"off\" button_two_text_color__hover_enabled=\"off\" button_border_width__hover_enabled=\"off\" button_one_border_width__hover_enabled=\"off\" button_two_border_width__hover_enabled=\"off\" button_two_border_width__hover_enabled=\"off\" button_two_border_width__hover_enabled=\"off\" button_border_color__hover_enabled=\"off\" button_one_border_color__hover_enabled=\"off\" button_two_border_color__hover_enabled=\"off\" button_two_border_color__hover_enabled=\"off\" button_border_border_radius__hover_enabled=\"off\" button_one_border_radius__hover_enabled=\"off\" button_two_border_radius__hover_enabled=\"off\" button_letter_spacing__hover_enabled=\"on\" button_letter_spacing__hover_enabled=\"on\" button_letter_spacing__hover=\"0\u2033 button_one_letter_spacing__hover_enabled=\"off\" button_two_letter_spacing__hover_enabled=\"off\" button_bg_color__hover_enabled=\"off\" button_one_bg_color__hover_enabled=\"off\" button_one_bg_color__hover_enabled=\"off\" button_two_bg_color__hover_enabled=\"off\" url_new_window=\"on\" sticky_enabled=\"0\u2033][\/et_pb_button][\/et_pb_column][\/et_pb_row][et_pb_row admin_label=\"Class\" _builder_version=\"4.25.2\u2033 custom_margin=\"|||60px|\" custom_padding=\"|40px|||40px|false|false|false\" animation_style=\"fade\" border_radii=\"on|6px|6px|6px|6px|6px|6px\" box_shadow_style=\"preset1\u2033 box_shadow_vertical=\"10px\" box_shadow_blur=\"24px\" box_shadow_spread=\"6px\" box_shadow_color=\"rgba(0,0,0,0.06)\" global_colors_info=\"{}\" column_structure=\"2_5,3_5\u2033 sticky_enabled=\"0\u2033 background_color=\"#ffffffff\" background_size=\"contain\" background_position=\"center_left\" background_enable_image=\"off\"][et_pb_column type=\"2_5\u2033 _builder_version=\"4.16\u2033 custom_padding=\"||||\" global_colors_info=\"{}\" custom_padding__hover=\"||||\"][et_pb_image src=\"https:\/\/marckitus.com\/wp-content\/uploads\/2025\/02\/march28.jpg\" _builder_version=\"4.25.2\u2033 _module_preset=\"default\" title_text=\"march28\u2033 width=\"58%\" hover_enabled=\"0\u2033 sticky_enabled=\"0\u2033 align=\"center\"][\/et_pb_image][\/et_pb_column][et_pb_column type=\"3_5\u2033 _builder_version=\"4.16\u2033 custom_padding=\"||||\" global_colors_info=\"{}\" custom_padding__hover=\"||||\"][et_pb_text _builder_version=\"4.25.2\u2033 text_font=\"Open Sans||||||||\" text_text_color=\"#486066\u2033 text_font_size=\"15px\" text_line_height=\"1.8em\" header_font=\"||||||||\" header_3_font=\"Poppins|600|||||||\" header_3_text_color=\"#486066\u2033 header_3_font_size=\"18px\" header_3_line_height=\"1.4em\" locked=\"off\" global_colors_info=\"{}\"]<\/p>\n<h3>Bachata Geneva Festival<\/h3>\n<ul>\n<li>Competitor Jack&amp;Jill.<\/li>\n<\/ul>\n<p>[\/et_pb_text][et_pb_text _builder_version=\"4.25.2\u2033 text_font=\"Poppins|500|||||||\" text_text_color=\"#486066\u2033 text_font_size=\"15px\" text_line_height=\"1.8em\" link_font=\"||||||||\" link_text_color=\"#1bb3eb\" header_font=\"||||||||\" header_3_font=\"Poppins|600|||||||\" header_3_text_color=\"#486066\u2033 header_3_font_size=\"18px\" header_3_line_height=\"1.4em\" locked=\"off\" global_colors_info=\"{}\"]<\/p>\n<p>\ud83d\udcc5 28-30 March <\/p>\n<p><span style=\"font-size: 15px;\">\ud83c\udfc1 Switzerland<\/span><\/p>\n<p>[\/et_pb_text][\/et_pb_column][\/et_pb_row][et_pb_row admin_label=\"Class\" _builder_version=\"4.25.2\u2033 custom_margin=\"|||60px|\" custom_padding=\"|40px|||40px|false|false|false\" animation_style=\"fade\" border_radii=\"on|6px|6px|6px|6px|6px|6px\" box_shadow_style=\"preset1\u2033 box_shadow_vertical=\"10px\" box_shadow_blur=\"24px\" box_shadow_spread=\"6px\" box_shadow_color=\"rgba(0,0,0,0.06)\" global_colors_info=\"{}\" column_structure=\"2_5,3_5\u2033 sticky_enabled=\"0\u2033 background_color=\"#ffffffff\" background_size=\"contain\" background_position=\"center_left\" background_enable_image=\"off\"][et_pb_column type=\"2_5\u2033 _builder_version=\"4.16\u2033 custom_padding=\"||||\" global_colors_info=\"{}\" custom_padding__hover=\"||||\"][et_pb_image src=\"https:\/\/marckitus.com\/wp-content\/uploads\/2025\/02\/esenciaparadise.jpg\" _builder_version=\"4.25.2\u2033 _module_preset=\"default\" title_text=\"esenciaparadise\" width=\"58%\" hover_enabled=\"0\u2033 sticky_enabled=\"0\u2033 align=\"center\"][\/et_pb_image][\/et_pb_column][\/et_pb_column][et_pb_column type=\"3_5\u2033 _builder_version=\"4.16\u2033 custom_padding=\"||||\" global_colors_info=\"{}\" custom_padding__hover=\"||||\"][et_pb_text _builder_version=\"4.25.2\u2033 text_font=\"Open Sans||||||||\" text_text_color=\"#486066\u2033 text_font_size=\"15px\" text_line_height=\"1.8em\" header_font=\"||||||||\" header_3_font=\"Poppins|600|||||||\" header_3_text_color=\"#486066\u2033 header_3_font_size=\"18px\" header_3_line_height=\"1.4em\" locked=\"off\" global_colors_info=\"{}\"]<\/p>\n<h3>Paradise Essence<\/h3>\n<ul>\n<li>Competitor Jack&amp;Jill.<\/li>\n<\/ul>\n<p>[\/et_pb_text][et_pb_text _builder_version=\"4.25.2\u2033 text_font=\"Poppins|500|||||||\" text_text_color=\"#486066\u2033 text_font_size=\"15px\" text_line_height=\"1.8em\" link_font=\"||||||||\" link_text_color=\"#1bb3eb\" header_font=\"||||||||\" header_3_font=\"Poppins|600|||||||\" header_3_text_color=\"#486066\u2033 header_3_font_size=\"18px\" header_3_line_height=\"1.4em\" locked=\"off\" global_colors_info=\"{}\"]<\/p>\n<p>\ud83d\udcc5 30 April - 5 May<\/p>\n<p><span style=\"font-size: 15px;\">\ud83c\udfc1 Lloret de Mar<\/span><\/p>\n<p>[\/et_pb_text][et_pb_button button_url=\u00bbhttps:\/\/www.goandance.com\/en\/events\/6890-esencia-paradise-dance-congress-2025?discount=marckitus%20&#8243; button_text=\u00bbApuntarme\u00bb button_alignment=\u00bbleft\u00bb _builder_version=\u00bb4.25.2&#8243; custom_button=\u00bbon\u00bb button_text_size=\u00bb14px\u00bb button_text_color=\u00bb#44d89e\u00bb button_border_width=\u00bb2px\u00bb button_border_color=\u00bb#44d89e\u00bb button_border_radius=\u00bb100px\u00bb button_font=\u00bbPoppins|600||on|||||\u00bb button_use_icon=\u00bboff\u00bb background_layout=\u00bbdark\u00bb custom_margin=\u00bb|||\u00bb custom_padding=\u00bb12px|36px|12px|36px\u00bb hover_enabled=\u00bb0&#8243; button_letter_spacing_hover=\u00bb0&#8243; locked=\u00bboff\u00bb global_colors_info=\u00bb{}\u00bb button_text_size__hover_enabled=\u00bboff\u00bb button_one_text_size__hover_enabled=\u00bboff\u00bb button_two_text_size__hover_enabled=\u00bboff\u00bb button_text_color__hover_enabled=\u00bboff\u00bb button_one_text_color__hover_enabled=\u00bboff\u00bb button_two_text_color__hover_enabled=\u00bboff\u00bb button_border_width__hover_enabled=\u00bboff\u00bb button_one_border_width__hover_enabled=\u00bboff\u00bb button_two_border_width__hover_enabled=\u00bboff\u00bb button_border_color__hover_enabled=\u00bboff\u00bb button_one_border_color__hover_enabled=\u00bboff\u00bb button_two_border_color__hover_enabled=\u00bboff\u00bb button_border_radius__hover_enabled=\u00bboff\u00bb button_one_border_radius__hover_enabled=\u00bboff\u00bb button_two_border_radius__hover_enabled=\u00bboff\u00bb button_letter_spacing__hover_enabled=\u00bbon\u00bb button_letter_spacing__hover=\u00bb0&#8243; button_one_letter_spacing__hover_enabled=\u00bboff\u00bb button_two_letter_spacing__hover_enabled=\u00bboff\u00bb button_bg_color__hover_enabled=\u00bboff\u00bb button_one_bg_color__hover_enabled=\u00bboff\u00bb button_two_bg_color__hover_enabled=\u00bboff\u00bb url_new_window=\u00bbon\u00bb sticky_enabled=\u00bb0&#8243;][\/et_pb_button][\/et_pb_column][\/et_pb_row][et_pb_row admin_label=\u00bbClass\u00bb _builder_version=\u00bb4.25.2&#8243; custom_margin=\u00bb||60px|\u00bb custom_padding=\u00bb|40px||40px|false|false\u00bb animation_style=\u00bbfade\u00bb border_radii=\u00bbon|6px|6px|6px|6px\u00bb box_shadow_style=\u00bbpreset1&#8243; box_shadow_vertical=\u00bb10px\u00bb box_shadow_blur=\u00bb24px\u00bb box_shadow_spread=\u00bb6px\u00bb box_shadow_color=\u00bbrgba(0,0,0,0.06)\u00bb global_colors_info=\u00bb{}\u00bb column_structure=\u00bb2_5,3_5&#8243; sticky_enabled=\u00bb0&#8243; background_color=\u00bb#ffffff\u00bb background_size=\u00bbcontain\u00bb background_position=\u00bbcenter_left\u00bb background_enable_image=\u00bboff\u00bb][et_pb_column type=\u00bb2_5&#8243; _builder_version=\u00bb4.16&#8243; custom_padding=\u00bb|||\u00bb global_colors_info=\u00bb{}\u00bb custom_padding__hover=\u00bb|||\u00bb][et_pb_image src=\u00bbhttps:\/\/marckitus.com\/wp-content\/uploads\/2025\/02\/tene.jpg\u00bb _builder_version=\u00bb4.25.2&#8243; _module_preset=\u00bbdefault\u00bb title_text=\u00bbtene\u00bb width=\u00bb58%\u00bb hover_enabled=\u00bb0&#8243; sticky_enabled=\u00bb0&#8243; align=\u00bbcenter\u00bb][\/et_pb_image][\/et_pb_column][et_pb_column type=\u00bb3_5&#8243; _builder_version=\u00bb4.16&#8243; custom_padding=\u00bb|||\u00bb global_colors_info=\u00bb{}\u00bb custom_padding__hover=\u00bb|||\u00bb][et_pb_text _builder_version=\u00bb4.25.2&#8243; text_font=\u00bbOpen Sans||||||||\u00bb text_text_color=\u00bb#486066&#8243; text_font_size=\u00bb15px\u00bb text_line_height=\u00bb1.8em\u00bb header_font=\u00bb||||||||\u00bb header_3_font=\u00bbPoppins|600|||||||\u00bb header_3_text_color=\u00bb#486066&#8243; header_3_font_size=\u00bb18px\u00bb header_3_line_height=\u00bb1.4em\u00bb locked=\u00bboff\u00bb global_colors_info=\u00bb{}\u00bb]<\/p>\n<h3>Tenerife Dance Festival<\/h3>\n<ul>\n<li>MENSTYLE Workshop<\/li>\n<\/ul>\n<p>[\/et_pb_text][et_pb_text _builder_version=\"4.25.2\u2033 text_font=\"Poppins|500|||||||\" text_text_color=\"#486066\u2033 text_font_size=\"15px\" text_line_height=\"1.8em\" link_font=\"||||||||\" link_text_color=\"#1bb3eb\" header_font=\"||||||||\" header_3_font=\"Poppins|600|||||||\" header_3_text_color=\"#486066\u2033 header_3_font_size=\"18px\" header_3_line_height=\"1.4em\" locked=\"off\" global_colors_info=\"{}\"]<\/p>\n<p>\ud83d\udcc5 8-11 May (Saturday 10)<\/p>\n<p>\ud83d\udd52 From <strong>11:00h to 12:00h<\/strong><\/p>\n<p><span style=\"font-size: 15px;\">\ud83c\udfc1 Tenerife <\/span><\/p>\n<p>[\/et_pb_text][\/et_pb_column][\/et_pb_row][et_pb_row admin_label=\"Class\" _builder_version=\"4.25.2\u2033 custom_margin=\"|||60px|\" custom_padding=\"|40px|||40px|false|false|false\" animation_style=\"fade\" border_radii=\"on|6px|6px|6px|6px|6px|6px\" box_shadow_style=\"preset1\u2033 box_shadow_vertical=\"10px\" box_shadow_blur=\"24px\" box_shadow_spread=\"6px\" box_shadow_color=\"rgba(0,0,0,0.06)\" global_colors_info=\"{}\" column_structure=\"2_5,3_5\u2033 sticky_enabled=\"0\u2033 background_color=\"#ffffffff\" background_size=\"contain\" background_position=\"center_left\" background_enable_image=\"off\"][et_pb_column type=\"2_5\u2033 _builder_version=\"4.16\u2033 custom_padding=\"||||\" global_colors_info=\"{}\" custom_padding__hover=\"||||\"][et_pb_image src=\"https:\/\/marckitus.com\/wp-content\/uploads\/2025\/02\/canary-islan.jpg\" _builder_version=\"4.25.2\u2033 _module_preset=\"default\" title_text=\"canary islan\" width=\"58%\" hover_enabled=\"0\u2033 sticky_enabled=\"0\u2033 align=\"center\"][\/et_pb_image][\/et_pb_column][\/et_pb_column][et_pb_column type=\"3_5\u2033 _builder_version=\"4.16\u2033 custom_padding=\"||||\" global_colors_info=\"{}\" custom_padding__hover=\"||||\"][et_pb_text _builder_version=\"4.25.2\u2033 text_font=\"Open Sans||||||||\" text_text_color=\"#486066\u2033 text_font_size=\"15px\" text_line_height=\"1.8em\" header_font=\"||||||||\" header_3_font=\"Poppins|600|||||||\" header_3_text_color=\"#486066\u2033 header_3_font_size=\"18px\" header_3_line_height=\"1.4em\" locked=\"off\" global_colors_info=\"{}\"]<\/p>\n<h3>Canary Islands Festival<\/h3>\n<ul>\n<li>MENSTYLE Workshop<\/li>\n<\/ul>\n<p>[\/et_pb_text][et_pb_text _builder_version=\"4.25.2\u2033 text_font=\"Poppins|500|||||||\" text_text_color=\"#486066\u2033 text_font_size=\"15px\" text_line_height=\"1.8em\" link_font=\"||||||||\" link_text_color=\"#1bb3eb\" header_font=\"||||||||\" header_3_font=\"Poppins|600|||||||\" header_3_text_color=\"#486066\u2033 header_3_font_size=\"18px\" header_3_line_height=\"1.4em\" locked=\"off\" global_colors_info=\"{}\"]<\/p>\n<p>\ud83d\udcc5 26-29 June<\/p>\n<p><span style=\"font-size: 15px;\">\ud83c\udfc1 Gran Canaria<br \/><\/span><\/p>\n<p>[\/et_pb_text][\/et_pb_column][\/et_pb_row][\/et_pb_section].<\/p>","protected":false},"excerpt":{"rendered":"<p>Upcoming events List ordered and updatedMenstyle Masterclass + professional recording. Learn for 1:30h bachata menstyle technique + a complete choreo. Record with Marckitus a dancing video made by a professional film-maker. We go out for a drink and social dancing together. Saturday 22 Feb \ud83d\udcc5 \ud83d\udd52 From 11:00h to 13:00h\ud83c\udfc1 Esencia studios - MadridBachata Geneva [...]<\/p>","protected":false},"author":1,"featured_media":0,"parent":0,"menu_order":0,"comment_status":"closed","ping_status":"closed","template":"","meta":{"_et_pb_use_builder":"on","_et_pb_old_content":"","_et_gb_content_width":"","footnotes":""},"class_list":["post-8235","page","type-page","status-publish","hentry"],"yoast_head":"<!-- This site is optimized with the Yoast SEO plugin v24.8 - https:\/\/yoast.com\/wordpress\/plugins\/seo\/ -->\n<title>eventos - Bachata men style<\/title>\n<meta name=\"robots\" content=\"index, follow, max-snippet:-1, max-image-preview:large, max-video-preview:-1\" \/>\n<link rel=\"canonical\" href=\"https:\/\/marckitus.com\/en\/eventos\/\" \/>\n<meta property=\"og:locale\" content=\"en_GB\" \/>\n<meta property=\"og:type\" content=\"article\" \/>\n<meta property=\"og:title\" content=\"eventos - Bachata men style\" \/>\n<meta property=\"og:description\" content=\"Pr\u00f3ximos eventos Listado ordenado y actualizadoMasterclass MENSTYLE + grabaci\u00f3n profesional. Aprende durante 1:30h t\u00e9cnica de bachata menstyle + una coreo completa. Grabate con Marckitus un video bailando hecho por un film-maker profecional. Salimos a tomar algo y a bailar social juntos. \ud83d\udcc5 S\u00e1bado 22 feb\u00a0 \ud83d\udd52 De 11:00h a 13:00h\ud83c\udfc1 Esencia studios - MadridBachata Geneva [&hellip;]\" \/>\n<meta property=\"og:url\" content=\"https:\/\/marckitus.com\/en\/eventos\/\" \/>\n<meta property=\"og:site_name\" content=\"Bachata men style\" \/>\n<meta property=\"article:modified_time\" content=\"2025-02-03T12:30:27+00:00\" \/>\n<meta name=\"twitter:card\" content=\"summary_large_image\" \/>\n<script type=\"application\/ld+json\" class=\"yoast-schema-graph\">{\"@context\":\"https:\/\/schema.org\",\"@graph\":[{\"@type\":\"WebPage\",\"@id\":\"https:\/\/marckitus.com\/eventos\/\",\"url\":\"https:\/\/marckitus.com\/eventos\/\",\"name\":\"eventos - Bachata men style\",\"isPartOf\":{\"@id\":\"https:\/\/marckitus.com\/#website\"},\"datePublished\":\"2025-02-03T11:38:28+00:00\",\"dateModified\":\"2025-02-03T12:30:27+00:00\",\"breadcrumb\":{\"@id\":\"https:\/\/marckitus.com\/eventos\/#breadcrumb\"},\"inLanguage\":\"en-GB\",\"potentialAction\":[{\"@type\":\"ReadAction\",\"target\":[\"https:\/\/marckitus.com\/eventos\/\"]}]},{\"@type\":\"BreadcrumbList\",\"@id\":\"https:\/\/marckitus.com\/eventos\/#breadcrumb\",\"itemListElement\":[{\"@type\":\"ListItem\",\"position\":1,\"name\":\"Portada\",\"item\":\"https:\/\/marckitus.com\/\"},{\"@type\":\"ListItem\",\"position\":2,\"name\":\"eventos\"}]},{\"@type\":\"WebSite\",\"@id\":\"https:\/\/marckitus.com\/#website\",\"url\":\"https:\/\/marckitus.com\/\",\"name\":\"Bachata men style\",\"description\":\"\",\"publisher\":{\"@id\":\"https:\/\/marckitus.com\/#organization\"},\"potentialAction\":[{\"@type\":\"SearchAction\",\"target\":{\"@type\":\"EntryPoint\",\"urlTemplate\":\"https:\/\/marckitus.com\/?s={search_term_string}\"},\"query-input\":{\"@type\":\"PropertyValueSpecification\",\"valueRequired\":true,\"valueName\":\"search_term_string\"}}],\"inLanguage\":\"en-GB\"},{\"@type\":\"Organization\",\"@id\":\"https:\/\/marckitus.com\/#organization\",\"name\":\"Bachata men style\",\"url\":\"https:\/\/marckitus.com\/\",\"logo\":{\"@type\":\"ImageObject\",\"inLanguage\":\"en-GB\",\"@id\":\"https:\/\/marckitus.com\/#\/schema\/logo\/image\/\",\"url\":\"\",\"contentUrl\":\"\",\"caption\":\"Bachata men style\"},\"image\":{\"@id\":\"https:\/\/marckitus.com\/#\/schema\/logo\/image\/\"}}]}<\/script>\n<!-- \/ Yoast SEO plugin. -->","yoast_head_json":{"title":"eventos - Bachata men style","robots":{"index":"index","follow":"follow","max-snippet":"max-snippet:-1","max-image-preview":"max-image-preview:large","max-video-preview":"max-video-preview:-1"},"canonical":"https:\/\/marckitus.com\/en\/eventos\/","og_locale":"en_GB","og_type":"article","og_title":"eventos - Bachata men style","og_description":"Pr\u00f3ximos eventos Listado ordenado y actualizadoMasterclass MENSTYLE + grabaci\u00f3n profesional. Aprende durante 1:30h t\u00e9cnica de bachata menstyle + una coreo completa. Grabate con Marckitus un video bailando hecho por un film-maker profecional. Salimos a tomar algo y a bailar social juntos. \ud83d\udcc5 S\u00e1bado 22 feb\u00a0 \ud83d\udd52 De 11:00h a 13:00h\ud83c\udfc1 Esencia studios - MadridBachata Geneva [&hellip;]","og_url":"https:\/\/marckitus.com\/en\/eventos\/","og_site_name":"Bachata men style","article_modified_time":"2025-02-03T12:30:27+00:00","twitter_card":"summary_large_image","schema":{"@context":"https:\/\/schema.org","@graph":[{"@type":"WebPage","@id":"https:\/\/marckitus.com\/eventos\/","url":"https:\/\/marckitus.com\/eventos\/","name":"eventos - Bachata men style","isPartOf":{"@id":"https:\/\/marckitus.com\/#website"},"datePublished":"2025-02-03T11:38:28+00:00","dateModified":"2025-02-03T12:30:27+00:00","breadcrumb":{"@id":"https:\/\/marckitus.com\/eventos\/#breadcrumb"},"inLanguage":"en-GB","potentialAction":[{"@type":"ReadAction","target":["https:\/\/marckitus.com\/eventos\/"]}]},{"@type":"BreadcrumbList","@id":"https:\/\/marckitus.com\/eventos\/#breadcrumb","itemListElement":[{"@type":"ListItem","position":1,"name":"Portada","item":"https:\/\/marckitus.com\/"},{"@type":"ListItem","position":2,"name":"eventos"}]},{"@type":"WebSite","@id":"https:\/\/marckitus.com\/#website","url":"https:\/\/marckitus.com\/","name":"Bachata men style","description":"","publisher":{"@id":"https:\/\/marckitus.com\/#organization"},"potentialAction":[{"@type":"SearchAction","target":{"@type":"EntryPoint","urlTemplate":"https:\/\/marckitus.com\/?s={search_term_string}"},"query-input":{"@type":"PropertyValueSpecification","valueRequired":true,"valueName":"search_term_string"}}],"inLanguage":"en-GB"},{"@type":"Organization","@id":"https:\/\/marckitus.com\/#organization","name":"Bachata men style","url":"https:\/\/marckitus.com\/","logo":{"@type":"ImageObject","inLanguage":"en-GB","@id":"https:\/\/marckitus.com\/#\/schema\/logo\/image\/","url":"","contentUrl":"","caption":"Bachata men style"},"image":{"@id":"https:\/\/marckitus.com\/#\/schema\/logo\/image\/"}}]}},"_links":{"self":[{"href":"https:\/\/marckitus.com\/en\/wp-json\/wp\/v2\/pages\/8235"}],"collection":[{"href":"https:\/\/marckitus.com\/en\/wp-json\/wp\/v2\/pages"}],"about":[{"href":"https:\/\/marckitus.com\/en\/wp-json\/wp\/v2\/types\/page"}],"author":[{"embeddable":true,"href":"https:\/\/marckitus.com\/en\/wp-json\/wp\/v2\/users\/1"}],"replies":[{"embeddable":true,"href":"https:\/\/marckitus.com\/en\/wp-json\/wp\/v2\/comments?post=8235"}],"version-history":[{"count":13,"href":"https:\/\/marckitus.com\/en\/wp-json\/wp\/v2\/pages\/8235\/revisions"}],"predecessor-version":[{"id":8264,"href":"https:\/\/marckitus.com\/en\/wp-json\/wp\/v2\/pages\/8235\/revisions\/8264"}],"wp:attachment":[{"href":"https:\/\/marckitus.com\/en\/wp-json\/wp\/v2\/media?parent=8235"}],"curies":[{"name":"wp","href":"https:\/\/api.w.org\/{rel}","templated":true}]}}