{"id":68,"date":"2023-08-08T11:34:31","date_gmt":"2023-08-08T09:34:31","guid":{"rendered":"https:\/\/marckitus.com\/?page_id=68"},"modified":"2024-04-20T20:19:13","modified_gmt":"2024-04-20T18:19:13","slug":"aviso-legal","status":"publish","type":"page","link":"https:\/\/marckitus.com\/en\/aviso-legal\/","title":{"rendered":"Legal notice"},"content":{"rendered":"<p>[et_pb_section fb_built=\u00bb1&#8243; admin_label=\u00bbHero Section\u00bb _builder_version=\u00bb4.22.1&#8243; use_background_color_gradient=\u00bbon\u00bb background_color_gradient_direction=\u00bb105deg\u00bb background_color_gradient_stops=\u00bb#ffffff 0%|gcid-0c8f2512-5d9c-43bf-915d-12a4ec46e3f2 100%\u00bb background_color_gradient_start=\u00bb#1bb3eb\u00bb background_color_gradient_end=\u00bb#25efcb\u00bb custom_padding=\u00bb60px|0px|60px|0px\u00bb hover_enabled=\u00bb0&#8243; global_colors_info=\u00bb{%22gcid-0c8f2512-5d9c-43bf-915d-12a4ec46e3f2%22:%91%22background_color_gradient_stops%22%93}\u00bb locked=\u00bboff\u00bb theme_builder_area=\u00bbpost_content\u00bb sticky_enabled=\u00bb0&#8243;][et_pb_row _builder_version=\u00bb4.22.1&#8243; background_size=\u00bbinitial\u00bb background_position=\u00bbtop_left\u00bb background_repeat=\u00bbrepeat\u00bb width=\u00bb83.2%\u00bb global_colors_info=\u00bb{}\u00bb theme_builder_area=\u00bbpost_content\u00bb][et_pb_column type=\u00bb4_4&#8243; _builder_version=\u00bb4.16&#8243; custom_padding=\u00bb|||\u00bb global_colors_info=\u00bb{}\u00bb custom_padding__hover=\u00bb|||\u00bb theme_builder_area=\u00bbpost_content\u00bb][et_pb_text _builder_version=\u00bb4.22.1&#8243; _module_preset=\u00bbdefault\u00bb width=\u00bb100%\u00bb custom_margin=\u00bb|-45px||||\u00bb custom_padding=\u00bb|0px||||\u00bb global_colors_info=\u00bb{}\u00bb theme_builder_area=\u00bbpost_content\u00bb]<\/p>\n<div class=\"tatsu-module tatsu-w4LdGeSMEa tatsu-module dB d n t z\">\n<div class=\"aB eB FB X h l Y b j\">\n<div class=\"TB\">\n<div class=\"ZB q w CB\">\n<div class=\"tatsu-module tatsu-VCMdMOpGrV tatsu-module dB d n t z\">\n<div class=\"aB eB FB Y b j X h l\">\n<p>LEGAL NOTICE AND TERMS OF USE<\/p>\n<\/div>\n<\/div>\n<div class=\"tatsu-module tatsu-cgUeNEd_A- tatsu-module dB\">\n<div class=\"aB tatsu-align-left FB X c f Z a b\">\n<p>I can guarantee that you are in a 100 % safe space, for this you must know that by browsing these pages you are accepting the following terms and conditions:<\/p>\n<\/div>\n<\/div>\n<div class=\"tatsu-module tatsu-w3EZJCkEo2 tatsu-module dB d n t z\">\n<div class=\"aB tatsu-align-left FB X g h Y a b\">\n<p>Identification details of the person responsible<\/p>\n<\/div>\n<\/div>\n<div class=\"tatsu-module tatsu-4NE2FUoP-d tatsu-module dB\">\n<div class=\"aB tatsu-align-left FB X c f Z a b\">\n<p>As stated in the current regulations, we inform you that:<\/p>\n<p>The company name of the party responsible for this website is: \"Marckitus.com\". For the purposes of this legal notice and terms of use, it is hereinafter referred to as \"The Website\".<\/p>\n<p>Your data is held by the website.<\/p>\n<p>You can contact him at Email: <span>marcbofilloliva@gmail.com<\/span><\/p>\n<p>Its social activity is: training, events and online entertainment.<\/p>\n<\/div>\n<\/div>\n<div class=\"tatsu-module tatsu-rKi8lYs0G1 tatsu-module dB d n t z\">\n<div class=\"aB tatsu-align-left FB Y a b X g h\">\n<p>Purpose of the website<\/p>\n<\/div>\n<\/div>\n<div class=\"tatsu-module tatsu-RGPujPXGec tatsu-module dB\">\n<div class=\"aB tatsu-align-left FB X c f Z a b\">\n<p>Marckitus.com is a website dedicated to providing information and guidance to people who would like to make friends in their city through its blog, guides, and webinars.<\/p>\n<\/div>\n<\/div>\n<div class=\"tatsu-module tatsu-9-8U4WXmsh tatsu-module dB d n t z\">\n<div class=\"aB tatsu-align-left FB Y a b X g h\">\n<p>Use of the website<\/p>\n<\/div>\n<\/div>\n<div class=\"tatsu-module tatsu-sIkqF1Wajp tatsu-module dB d n t z\">\n<div class=\"aB tatsu-align-left FB X f Y a b\">\n<p>All graphic, textual, multimedia information, photographs, images, videos, or any other digital file format found on the website, hereinafter referred to as \"the contents\", belong to<span> <\/span><strong>Marckitus<\/strong><span>\u00a0<\/span>and are protected by national and international copyright laws. Likewise, content sent by other electronic means such as e-mails, advertising campaigns, publications in social networks or any other means not described here will be protected.<\/p>\n<p>The user assumes responsibility for the use of the website, and may not use them for:<\/p>\n<ul>\n<li>Engage in activities that are illicit, illegal or contrary to morals, good customs, good faith and public order;<\/li>\n<li>Make comments or disseminate content or propaganda of a racist, xenophobic, pornographic or terrorist nature, or that violates human or civil rights in general;<\/li>\n<li>Cause damage to the physical, intellectual or moral person of its suppliers or third parties;<\/li>\n<li>Introduce or disseminate computer viruses or any other physical or logical systems capable of causing the aforementioned damage;<\/li>\n<li>Attempting to access and\/or use other users' e-mail accounts and modifying or tampering with their messages.<\/li>\n<\/ul>\n<p><strong>FRIEND GROUPS<\/strong><span>\u00a0<\/span>reserves the right to remove any comments that violate the respect for the dignity of the person, that are discriminatory, xenophobic, racist, pornographic, that threaten youth or childhood, public order or safety or that, in its opinion, are not appropriate for publication. In any case, the website will not be responsible for the opinions given by users in any tool designed for this purpose within the website.<\/p>\n<\/div>\n<\/div>\n<div class=\"tatsu-module tatsu-8eqziIpkHd tatsu-module dB d n t z\">\n<div class=\"aB tatsu-align-left FB X g h Y a b\">\n<p>Intellectual property<\/p>\n<\/div>\n<\/div>\n<div class=\"tatsu-module tatsu-Tr95id5lxy tatsu-module dB\">\n<div class=\"aB tatsu-align-left FB X c f Y a b\">\n<p>The website is the owner of all intellectual and industrial property rights of the website, as well as of the elements contained therein, which, by way of example but not limitation, are: images, sound, photographs, audio, video, software, texts, trademarks, logos, colour combinations, structure, design, selection of materials used, programmes necessary for its operation, access and use, and the reproduction, distribution and public communication, including the making available, of all or part of the contents of the website, in any format and by any technical means, with or without commercial purposes, is expressly prohibited without authorisation from<span> <strong>Marckitus<\/strong><\/span>.<\/p>\n<p>The user undertakes to respect the copyrights owned by<span> <strong>Marckitus<\/strong><\/span>The user may therefore view, print, store in an electronic or virtual device, but only and exclusively for personal, individual and private use, and may not at any time distribute them, reproduce them, whether onerously or free of charge, to third parties or carry out any transformation of them. In any case, they must always mention the authorship of<span> <strong>Marckitus<\/strong>\u00a0<\/span>and to the website when it decides to share any of the contents in any social network, and may not at any time modify, in whole or in part, any of the contents.<\/p>\n<p>No part of the content of the website, including any mention of third parties, may be shared.<\/p>\n<p>Infringement of the copyright, intellectual property or industrial property rights of the<strong>\u00a0website<\/strong><span>\u00a0<\/span>shall entitle the website to permanently revoke access to the private platform, without being obliged to refund any money paid by the user. The website may also block the possibility of future purchases from the same user.<\/p>\n<\/div>\n<\/div>\n<div class=\"tatsu-module tatsu-MPacB0t6uo tatsu-module dB d n t z\">\n<div class=\"aB tatsu-align-left FB X g h Y a b\">\n<p>Disclaimer of warranties and liability<\/p>\n<\/div>\n<\/div>\n<div class=\"tatsu-module tatsu-VW4DKDrX3T tatsu-module dB\">\n<div class=\"aB tatsu-align-left FB X c f Y a b\">\n<p>The<span>\u00a0<\/span><strong>operator<\/strong><span>\u00a0<\/span>shall not be liable, under any circumstances, for damages of any kind that may be caused by, but not limited to: errors or omissions in the content, lack of availability of the website, - which will stop periodically for technical maintenance - as well as the transmission of viruses or malicious or harmful programs in the content, despite having taken all the necessary technological measures to prevent it.<\/p>\n<\/div>\n<\/div>\n<div class=\"tatsu-module tatsu-UKG0fEa-rS tatsu-module dB d n t z\">\n<div class=\"aB tatsu-align-left FB X g h Y a b\">\n<p>Modifications<\/p>\n<\/div>\n<\/div>\n<div class=\"tatsu-module tatsu-AFQRv2Rnqs8 tatsu-module dB\">\n<div class=\"aB tatsu-align-left FB X c f Y a b\">\n<p>GRUPOS AMIGOS reserves the right to make unannounced changes it deems appropriate on its website, and may change, delete or add content and services provided through the same as well as the way in which they are presented or located on its website.<\/p>\n<\/div>\n<\/div>\n<div class=\"tatsu-module tatsu-uMLbrMxECH1 tatsu-module dB d n t z\">\n<div class=\"aB tatsu-align-left FB X g h Y a b\">\n<p>Links<\/p>\n<\/div>\n<\/div>\n<div class=\"tatsu-module tatsu-5HxWUsCDkDK tatsu-module dB\">\n<div class=\"aB tatsu-align-left FB Y a b X c f\">\n<p><strong>FRIEND GROUPS<\/strong><span>\u00a0<\/span>has no control over the links and\/or external content that may exist on the website, and therefore is not responsible for them, nor does it guarantee the technical availability, quality, reliability, accuracy, comprehensiveness, truthfulness or validity of any material or information contained therein, and these external links shall not be understood as a possible association, merger, collaboration or participation with the owner and\/or manager of the web domain to which they are associated.<\/p>\n<\/div>\n<\/div>\n<div class=\"tatsu-module tatsu-tfoYRBDjRIn tatsu-module dB d n t z\">\n<div class=\"aB tatsu-align-left FB Y a b X g h\">\n<p>Right of exclusion<\/p>\n<\/div>\n<\/div>\n<div class=\"tatsu-module tatsu-NsrYOrELKqB tatsu-module dB\">\n<div class=\"aB tatsu-align-left FB Y a b X c f\">\n<p>The website reserves the right to deny or withdraw access to the portal and\/or the services offered without prior notice, at its own request or at the request of a third party, to those users who do not comply with these General Conditions of Use.<\/p>\n<\/div>\n<\/div>\n<div class=\"tatsu-module tatsu-oQIIdRasanK tatsu-module dB d n t z\">\n<div class=\"aB tatsu-align-left FB Y a b X g h\">\n<p>Online dispute resolution<\/p>\n<\/div>\n<\/div>\n<div class=\"tatsu-module tatsu-CeY3H-6zmYo tatsu-module dB\">\n<div class=\"aB tatsu-align-left FB Y a b X c f\">\n<p>The user may write to <span>marcbofilloliva@gmail.com<\/span> \u00a0indicating your name and surname to resolve any problems you may have with the website.<\/p>\n<\/div>\n<\/div>\n<div class=\"tatsu-module tatsu-GwKaHL_3Jjw tatsu-module dB d n t z\">\n<div class=\"aB tatsu-align-left FB X g h Y a b\">\n<p>Modification of this legal notice and duration<\/p>\n<\/div>\n<\/div>\n<div class=\"tatsu-module tatsu-hlR2aMN6CRb tatsu-module dB\">\n<div class=\"aB tatsu-align-left FB X c f Y a b\">\n<p>The website may modify, at any time, the terms and conditions set forth herein, without prior notice and shall remain in force as long as they are duly published.<\/p>\n<\/div>\n<\/div>\n<div class=\"tatsu-module tatsu-dYQKy3O0cWe tatsu-module dB d n t z\">\n<div class=\"aB tatsu-align-left FB Y a b X g h\">\n<p>Legal action<\/p>\n<\/div>\n<\/div>\n<div class=\"tatsu-module tatsu-xK5Eda6AToi tatsu-module dB fB\">\n<div class=\"aB tatsu-align-left FB Y a b X c f\">\n<p>The website may, at any time, take civil or criminal legal action against any person who misuses the content displayed on the website, or for breach of these terms and conditions.\u00a0<\/p>\n<\/div>\n<\/div>\n<\/div>\n<\/div>\n<div class=\"XB\"><\/div>\n<\/div>\n<\/div>\n<div class=\"tatsu-module tatsu-HvXOqglG4c tatsu-module dB fB\">\n<div class=\"aB tatsu-align-left FB Y a b X c f\"><\/div>\n<\/div>\n<p>[\/et_pb_text][\/et_pb_column][\/et_pb_row][\/et_pb_section].<\/p>","protected":false},"excerpt":{"rendered":"<p>LEGAL NOTICE AND TERMS OF USE I can guarantee that you are in a safe space 100 %, for this you should know that by browsing these pages you are accepting the following terms and conditions: Identifying data of the person responsible As stated in the current regulations, we inform you that: The company name of the person responsible for this [...]<\/p>","protected":false},"author":2,"featured_media":0,"parent":0,"menu_order":0,"comment_status":"closed","ping_status":"closed","template":"","meta":{"_et_pb_use_builder":"on","_et_pb_old_content":"","_et_gb_content_width":"","footnotes":""},"class_list":["post-68","page","type-page","status-publish","hentry"],"yoast_head":"<!-- This site is optimized with the Yoast SEO plugin v24.8 - https:\/\/yoast.com\/wordpress\/plugins\/seo\/ -->\n<title>Aviso legal - Bachata men style<\/title>\n<meta name=\"robots\" content=\"index, follow, max-snippet:-1, max-image-preview:large, max-video-preview:-1\" \/>\n<link rel=\"canonical\" href=\"https:\/\/marckitus.com\/en\/aviso-legal\/\" \/>\n<meta property=\"og:locale\" content=\"en_GB\" \/>\n<meta property=\"og:type\" content=\"article\" \/>\n<meta property=\"og:title\" content=\"Aviso legal - Bachata men style\" \/>\n<meta property=\"og:description\" content=\"AVISO LEGAL Y T\u00c9RMINOS DE USO Puedo garantizarte que te encuentras en un espacio 100 % seguro, para ello debes saber que al navegar en estas p\u00e1ginas est\u00e1s aceptando los siguientes t\u00e9rminos y condiciones: Datos identificativos del responsable Tal y como recoge la normativa vigente, te informamos que: La denominaci\u00f3n social del responsable por este [&hellip;]\" \/>\n<meta property=\"og:url\" content=\"https:\/\/marckitus.com\/en\/aviso-legal\/\" \/>\n<meta property=\"og:site_name\" content=\"Bachata men style\" \/>\n<meta property=\"article:modified_time\" content=\"2024-04-20T18:19:13+00:00\" \/>\n<meta name=\"twitter:card\" content=\"summary_large_image\" \/>\n<meta name=\"twitter:label1\" content=\"Estimated reading time\" \/>\n\t<meta name=\"twitter:data1\" content=\"7 minutes\" \/>\n<script type=\"application\/ld+json\" class=\"yoast-schema-graph\">{\"@context\":\"https:\/\/schema.org\",\"@graph\":[{\"@type\":\"WebPage\",\"@id\":\"https:\/\/marckitus.com\/aviso-legal\/\",\"url\":\"https:\/\/marckitus.com\/aviso-legal\/\",\"name\":\"Aviso legal - Bachata men style\",\"isPartOf\":{\"@id\":\"https:\/\/marckitus.com\/#website\"},\"datePublished\":\"2023-08-08T09:34:31+00:00\",\"dateModified\":\"2024-04-20T18:19:13+00:00\",\"breadcrumb\":{\"@id\":\"https:\/\/marckitus.com\/aviso-legal\/#breadcrumb\"},\"inLanguage\":\"en-GB\",\"potentialAction\":[{\"@type\":\"ReadAction\",\"target\":[\"https:\/\/marckitus.com\/aviso-legal\/\"]}]},{\"@type\":\"BreadcrumbList\",\"@id\":\"https:\/\/marckitus.com\/aviso-legal\/#breadcrumb\",\"itemListElement\":[{\"@type\":\"ListItem\",\"position\":1,\"name\":\"Portada\",\"item\":\"https:\/\/marckitus.com\/\"},{\"@type\":\"ListItem\",\"position\":2,\"name\":\"Aviso legal\"}]},{\"@type\":\"WebSite\",\"@id\":\"https:\/\/marckitus.com\/#website\",\"url\":\"https:\/\/marckitus.com\/\",\"name\":\"Bachata men style\",\"description\":\"\",\"publisher\":{\"@id\":\"https:\/\/marckitus.com\/#organization\"},\"potentialAction\":[{\"@type\":\"SearchAction\",\"target\":{\"@type\":\"EntryPoint\",\"urlTemplate\":\"https:\/\/marckitus.com\/?s={search_term_string}\"},\"query-input\":{\"@type\":\"PropertyValueSpecification\",\"valueRequired\":true,\"valueName\":\"search_term_string\"}}],\"inLanguage\":\"en-GB\"},{\"@type\":\"Organization\",\"@id\":\"https:\/\/marckitus.com\/#organization\",\"name\":\"Bachata men style\",\"url\":\"https:\/\/marckitus.com\/\",\"logo\":{\"@type\":\"ImageObject\",\"inLanguage\":\"en-GB\",\"@id\":\"https:\/\/marckitus.com\/#\/schema\/logo\/image\/\",\"url\":\"\",\"contentUrl\":\"\",\"caption\":\"Bachata men style\"},\"image\":{\"@id\":\"https:\/\/marckitus.com\/#\/schema\/logo\/image\/\"}}]}<\/script>\n<!-- \/ Yoast SEO plugin. -->","yoast_head_json":{"title":"Aviso legal - Bachata men style","robots":{"index":"index","follow":"follow","max-snippet":"max-snippet:-1","max-image-preview":"max-image-preview:large","max-video-preview":"max-video-preview:-1"},"canonical":"https:\/\/marckitus.com\/en\/aviso-legal\/","og_locale":"en_GB","og_type":"article","og_title":"Aviso legal - Bachata men style","og_description":"AVISO LEGAL Y T\u00c9RMINOS DE USO Puedo garantizarte que te encuentras en un espacio 100 % seguro, para ello debes saber que al navegar en estas p\u00e1ginas est\u00e1s aceptando los siguientes t\u00e9rminos y condiciones: Datos identificativos del responsable Tal y como recoge la normativa vigente, te informamos que: La denominaci\u00f3n social del responsable por este [&hellip;]","og_url":"https:\/\/marckitus.com\/en\/aviso-legal\/","og_site_name":"Bachata men style","article_modified_time":"2024-04-20T18:19:13+00:00","twitter_card":"summary_large_image","twitter_misc":{"Estimated reading time":"7 minutes"},"schema":{"@context":"https:\/\/schema.org","@graph":[{"@type":"WebPage","@id":"https:\/\/marckitus.com\/aviso-legal\/","url":"https:\/\/marckitus.com\/aviso-legal\/","name":"Aviso legal - Bachata men style","isPartOf":{"@id":"https:\/\/marckitus.com\/#website"},"datePublished":"2023-08-08T09:34:31+00:00","dateModified":"2024-04-20T18:19:13+00:00","breadcrumb":{"@id":"https:\/\/marckitus.com\/aviso-legal\/#breadcrumb"},"inLanguage":"en-GB","potentialAction":[{"@type":"ReadAction","target":["https:\/\/marckitus.com\/aviso-legal\/"]}]},{"@type":"BreadcrumbList","@id":"https:\/\/marckitus.com\/aviso-legal\/#breadcrumb","itemListElement":[{"@type":"ListItem","position":1,"name":"Portada","item":"https:\/\/marckitus.com\/"},{"@type":"ListItem","position":2,"name":"Aviso legal"}]},{"@type":"WebSite","@id":"https:\/\/marckitus.com\/#website","url":"https:\/\/marckitus.com\/","name":"Bachata men style","description":"","publisher":{"@id":"https:\/\/marckitus.com\/#organization"},"potentialAction":[{"@type":"SearchAction","target":{"@type":"EntryPoint","urlTemplate":"https:\/\/marckitus.com\/?s={search_term_string}"},"query-input":{"@type":"PropertyValueSpecification","valueRequired":true,"valueName":"search_term_string"}}],"inLanguage":"en-GB"},{"@type":"Organization","@id":"https:\/\/marckitus.com\/#organization","name":"Bachata men style","url":"https:\/\/marckitus.com\/","logo":{"@type":"ImageObject","inLanguage":"en-GB","@id":"https:\/\/marckitus.com\/#\/schema\/logo\/image\/","url":"","contentUrl":"","caption":"Bachata men style"},"image":{"@id":"https:\/\/marckitus.com\/#\/schema\/logo\/image\/"}}]}},"_links":{"self":[{"href":"https:\/\/marckitus.com\/en\/wp-json\/wp\/v2\/pages\/68"}],"collection":[{"href":"https:\/\/marckitus.com\/en\/wp-json\/wp\/v2\/pages"}],"about":[{"href":"https:\/\/marckitus.com\/en\/wp-json\/wp\/v2\/types\/page"}],"author":[{"embeddable":true,"href":"https:\/\/marckitus.com\/en\/wp-json\/wp\/v2\/users\/2"}],"replies":[{"embeddable":true,"href":"https:\/\/marckitus.com\/en\/wp-json\/wp\/v2\/comments?post=68"}],"version-history":[{"count":2,"href":"https:\/\/marckitus.com\/en\/wp-json\/wp\/v2\/pages\/68\/revisions"}],"predecessor-version":[{"id":5889,"href":"https:\/\/marckitus.com\/en\/wp-json\/wp\/v2\/pages\/68\/revisions\/5889"}],"wp:attachment":[{"href":"https:\/\/marckitus.com\/en\/wp-json\/wp\/v2\/media?parent=68"}],"curies":[{"name":"wp","href":"https:\/\/api.w.org\/{rel}","templated":true}]}}