{"id":6492,"date":"2024-01-04T20:21:13","date_gmt":"2024-01-04T19:21:13","guid":{"rendered":"https:\/\/marckitus.com\/?page_id=6492"},"modified":"2024-04-20T20:20:35","modified_gmt":"2024-04-20T18:20:35","slug":"compra-finalizada","status":"publish","type":"page","link":"https:\/\/marckitus.com\/en\/compra-finalizada\/","title":{"rendered":"Compra finalizada"},"content":{"rendered":"<p>[et_pb_section fb_built=\u00bb1&#8243; disabled_on=\u00bbon|on|off\u00bb admin_label=\u00bbBecome a Member Section\u00bb _builder_version=\u00bb4.22.1&#8243; background_enable_color=\u00bboff\u00bb use_background_color_gradient=\u00bbon\u00bb background_color_gradient_direction=\u00bb360deg\u00bb background_color_gradient_stops=\u00bbgcid-d0e5aa9a-3d59-428c-835d-d8a9bef76b1b 0%|gcid-30008f43-70d8-4e15-90b5-e514eca056bb 100%\u00bb background_image=\u00bbhttp:\/\/marckitus.com\/wp-content\/uploads\/2023\/09\/LandingPageFondo.png\u00bb custom_padding=\u00bb1px|0px|66px|0px||\u00bb locked=\u00bboff\u00bb global_colors_info=\u00bb{%22gcid-d0e5aa9a-3d59-428c-835d-d8a9bef76b1b%22:%91%22background_color_gradient_stops%22%93,%22gcid-30008f43-70d8-4e15-90b5-e514eca056bb%22:%91%22background_color_gradient_stops%22%93}\u00bb theme_builder_area=\u00bbpost_content\u00bb][et_pb_row column_structure=\u00bb1_2,1_2&#8243; _builder_version=\u00bb4.16&#8243; custom_margin=\u00bb|auto|11px|auto||\u00bb custom_padding=\u00bb66px||25px|||\u00bb locked=\u00bboff\u00bb global_colors_info=\u00bb{}\u00bb theme_builder_area=\u00bbpost_content\u00bb][et_pb_column type=\u00bb1_2&#8243; _builder_version=\u00bb4.22.1&#8243; _module_preset=\u00bbdefault\u00bb global_colors_info=\u00bb{}\u00bb theme_builder_area=\u00bbpost_content\u00bb][et_pb_video src=\u00bbhttps:\/\/marckitus.com\/wp-content\/uploads\/2023\/08\/UnaVueltaHQ.mp4&#8243; src_webm=\u00bbhttps:\/\/marckitus.com\/wp-content\/uploads\/2023\/08\/UnaVueltaHQ.mp4&#8243; module_class=\u00bbdm-autoplay\u00bb _builder_version=\u00bb4.22.1&#8243; _module_preset=\u00bbdefault\u00bb animation_style=\u00bbfade\u00bb global_colors_info=\u00bb{}\u00bb theme_builder_area=\u00bbpost_content\u00bb][\/et_pb_video][\/et_pb_column][et_pb_column type=\u00bb1_2&#8243; _builder_version=\u00bb4.16&#8243; custom_padding=\u00bb|||\u00bb global_colors_info=\u00bb{}\u00bb custom_padding__hover=\u00bb|||\u00bb theme_builder_area=\u00bbpost_content\u00bb][et_pb_text _builder_version=\u00bb4.22.1&#8243; text_font=\u00bb||||||||\u00bb header_font=\u00bb||||||||\u00bb header_2_font=\u00bbPoppins|500||on|||||\u00bb header_2_text_color=\u00bbrgba(0,0,0,0.61)\u00bb header_2_font_size=\u00bb16px\u00bb header_2_letter_spacing=\u00bb1px\u00bb header_2_line_height=\u00bb1.3em\u00bb custom_margin=\u00bb||17px|||\u00bb custom_padding=\u00bb||0px|||\u00bb hover_enabled=\u00bb0&#8243; saved_tabs=\u00bball\u00bb locked=\u00bboff\u00bb global_colors_info=\u00bb{}\u00bb theme_builder_area=\u00bbpost_content\u00bb sticky_enabled=\u00bb0&#8243;]<\/p>\n<h2>You are in<\/h2>\n<p>[\/et_pb_text][et_pb_text _builder_version=\u00bb4.22.1&#8243; text_font=\u00bb||||||||\u00bb text_text_color=\u00bb#3f3f3f\u00bb header_font=\u00bb||||||||\u00bb header_3_font=\u00bbPoppins|600|||||||\u00bb header_3_text_color=\u00bb#44d89e\u00bb header_3_font_size=\u00bb36px\u00bb header_3_line_height=\u00bb1.4em\u00bb custom_margin=\u00bb-2px|||||\u00bb hover_enabled=\u00bb0&#8243; text_text_color_last_edited=\u00bboff|desktop\u00bb global_colors_info=\u00bb{}\u00bb text_text_color__hover_enabled=\u00bboff|desktop\u00bb theme_builder_area=\u00bbpost_content\u00bb sticky_enabled=\u00bb0&#8243;]<\/p>\n<h3><span style=\"color: #333333\">Check your email<\/span><\/h3>\n<p>[\/et_pb_text][et_pb_text _builder_version=\u00bb4.22.1&#8243; text_font=\u00bbOpen Sans||||||||\u00bb text_text_color=\u00bb#486066&#8243; text_font_size=\u00bb15px\u00bb text_line_height=\u00bb1.8em\u00bb header_font=\u00bb||||||||\u00bb hover_enabled=\u00bb0&#8243; global_colors_info=\u00bb{}\u00bb theme_builder_area=\u00bbpost_content\u00bb sticky_enabled=\u00bb0&#8243;]<\/p>\n<p>If you have any doubts or queries, send us a message via instagram or email: menstyle@marckitus.com<\/p>\n<p>[\/et_pb_text][\/et_pb_column][\/et_pb_row][\/et_pb_section][et_pb_section fb_built=\u00bb1&#8243; disabled_on=\u00bboff|off|on\u00bb admin_label=\u00bbBecome a Member Section\u00bb _builder_version=\u00bb4.22.1&#8243; background_enable_color=\u00bboff\u00bb use_background_color_gradient=\u00bbon\u00bb background_color_gradient_direction=\u00bb360deg\u00bb background_color_gradient_stops=\u00bbgcid-d0e5aa9a-3d59-428c-835d-d8a9bef76b1b 0%|gcid-30008f43-70d8-4e15-90b5-e514eca056bb 100%\u00bb background_image=\u00bbhttp:\/\/marckitus.com\/wp-content\/uploads\/2023\/09\/LandingPageFondo.png\u00bb background_size=\u00bbstretch\u00bb custom_padding=\u00bb4px|0px|3px|0px||\u00bb locked=\u00bboff\u00bb global_colors_info=\u00bb{%22gcid-d0e5aa9a-3d59-428c-835d-d8a9bef76b1b%22:%91%22background_color_gradient_stops%22%93,%22gcid-30008f43-70d8-4e15-90b5-e514eca056bb%22:%91%22background_color_gradient_stops%22%93}\u00bb theme_builder_area=\u00bbpost_content\u00bb][et_pb_row column_structure=\u00bb1_2,1_2&#8243; _builder_version=\u00bb4.16&#8243; custom_padding=\u00bb|||\u00bb locked=\u00bboff\u00bb global_colors_info=\u00bb{}\u00bb theme_builder_area=\u00bbpost_content\u00bb][et_pb_column type=\u00bb1_2&#8243; _builder_version=\u00bb4.22.1&#8243; _module_preset=\u00bbdefault\u00bb global_colors_info=\u00bb{}\u00bb theme_builder_area=\u00bbpost_content\u00bb][et_pb_video src=\u00bbhttps:\/\/vimeo.com\/868256565?share=copy\u00bb src_webm=\u00bbhttps:\/\/vimeo.com\/868256565?share=copy\u00bb module_class=\u00bbdm-autoplay\u00bb _builder_version=\u00bb4.22.1&#8243; _module_preset=\u00bbdefault\u00bb custom_margin=\u00bb1px||-2px|||\u00bb custom_padding=\u00bb0px||0px|||\u00bb animation_style=\u00bbfade\u00bb global_colors_info=\u00bb{}\u00bb theme_builder_area=\u00bbpost_content\u00bb][\/et_pb_video][\/et_pb_column][et_pb_column type=\u00bb1_2&#8243; _builder_version=\u00bb4.16&#8243; custom_padding=\u00bb|||\u00bb global_colors_info=\u00bb{}\u00bb custom_padding__hover=\u00bb|||\u00bb theme_builder_area=\u00bbpost_content\u00bb][et_pb_text _builder_version=\u00bb4.22.1&#8243; text_font=\u00bb||||||||\u00bb header_font=\u00bb||||||||\u00bb header_2_font=\u00bbPoppins|500||on|||||\u00bb header_2_text_color=\u00bbrgba(0,0,0,0.61)\u00bb header_2_font_size=\u00bb16px\u00bb header_2_letter_spacing=\u00bb1px\u00bb header_2_line_height=\u00bb1.3em\u00bb custom_margin=\u00bb||17px|||\u00bb custom_padding=\u00bb||0px|||\u00bb hover_enabled=\u00bb0&#8243; saved_tabs=\u00bball\u00bb locked=\u00bboff\u00bb global_colors_info=\u00bb{}\u00bb theme_builder_area=\u00bbpost_content\u00bb sticky_enabled=\u00bb0&#8243;]<\/p>\n<h2>You are in<\/h2>\n<p>[\/et_pb_text][et_pb_text _builder_version=\u00bb4.22.1&#8243; text_font=\u00bb||||||||\u00bb text_text_color=\u00bb#3f3f3f\u00bb header_font=\u00bb||||||||\u00bb header_3_font=\u00bbPoppins|600|||||||\u00bb header_3_text_color=\u00bb#44d89e\u00bb header_3_font_size=\u00bb36px\u00bb header_3_line_height=\u00bb1.4em\u00bb custom_margin=\u00bb-2px||1px|||\u00bb hover_enabled=\u00bb0&#8243; text_text_color_last_edited=\u00bboff|desktop\u00bb global_colors_info=\u00bb{}\u00bb text_text_color__hover_enabled=\u00bboff|desktop\u00bb theme_builder_area=\u00bbpost_content\u00bb sticky_enabled=\u00bb0&#8243;]<\/p>\n<h3><span style=\"color: #333333\">Check your email<\/span><\/h3>\n<p>[\/et_pb_text][et_pb_text _builder_version=\u00bb4.22.1&#8243; text_font=\u00bbOpen Sans||||||||\u00bb text_text_color=\u00bb#486066&#8243; text_font_size=\u00bb15px\u00bb text_line_height=\u00bb1.8em\u00bb header_font=\u00bb||||||||\u00bb hover_enabled=\u00bb0&#8243; global_colors_info=\u00bb{}\u00bb theme_builder_area=\u00bbpost_content\u00bb sticky_enabled=\u00bb0&#8243;]<\/p>\n<p>If you have any doubts or queries, send us a message via instagram or email: menstyle@marckitus.com<\/p>\n<p>[\/et_pb_text][\/et_pb_column][\/et_pb_row][\/et_pb_section].<\/p>","protected":false},"excerpt":{"rendered":"<p>Est\u00e1s dentroRevisa tu correo electr\u00f3nicoCualquier duda o consulta, mandanos un mensaje por instagram o al mail: menstyle@marckitus.comEst\u00e1s dentroRevisa tu correo electr\u00f3nicoCualquier duda o consulta, mandanos un mensaje por instagram o al mail: menstyle@marckitus.com<\/p>","protected":false},"author":2,"featured_media":0,"parent":0,"menu_order":0,"comment_status":"closed","ping_status":"closed","template":"","meta":{"_et_pb_use_builder":"on","_et_pb_old_content":"","_et_gb_content_width":"","footnotes":""},"class_list":["post-6492","page","type-page","status-publish","hentry"],"yoast_head":"<!-- This site is optimized with the Yoast SEO plugin v24.8 - https:\/\/yoast.com\/wordpress\/plugins\/seo\/ -->\n<title>Compra finalizada - Bachata men style<\/title>\n<meta name=\"robots\" content=\"index, follow, max-snippet:-1, max-image-preview:large, max-video-preview:-1\" \/>\n<link rel=\"canonical\" href=\"https:\/\/marckitus.com\/en\/compra-finalizada\/\" \/>\n<meta property=\"og:locale\" content=\"en_GB\" \/>\n<meta property=\"og:type\" content=\"article\" \/>\n<meta property=\"og:title\" content=\"Compra finalizada - Bachata men style\" \/>\n<meta property=\"og:description\" content=\"Est\u00e1s dentroRevisa tu correo electr\u00f3nicoCualquier duda o consulta, mandanos un mensaje por instagram o al mail: menstyle@marckitus.comEst\u00e1s dentroRevisa tu correo electr\u00f3nicoCualquier duda o consulta, mandanos un mensaje por instagram o al mail: menstyle@marckitus.com\" \/>\n<meta property=\"og:url\" content=\"https:\/\/marckitus.com\/en\/compra-finalizada\/\" \/>\n<meta property=\"og:site_name\" content=\"Bachata men style\" \/>\n<meta property=\"article:modified_time\" content=\"2024-04-20T18:20:35+00:00\" \/>\n<meta name=\"twitter:card\" content=\"summary_large_image\" \/>\n<script type=\"application\/ld+json\" class=\"yoast-schema-graph\">{\"@context\":\"https:\/\/schema.org\",\"@graph\":[{\"@type\":\"WebPage\",\"@id\":\"https:\/\/marckitus.com\/compra-finalizada\/\",\"url\":\"https:\/\/marckitus.com\/compra-finalizada\/\",\"name\":\"Compra finalizada - Bachata men style\",\"isPartOf\":{\"@id\":\"https:\/\/marckitus.com\/#website\"},\"datePublished\":\"2024-01-04T19:21:13+00:00\",\"dateModified\":\"2024-04-20T18:20:35+00:00\",\"breadcrumb\":{\"@id\":\"https:\/\/marckitus.com\/compra-finalizada\/#breadcrumb\"},\"inLanguage\":\"en-GB\",\"potentialAction\":[{\"@type\":\"ReadAction\",\"target\":[\"https:\/\/marckitus.com\/compra-finalizada\/\"]}]},{\"@type\":\"BreadcrumbList\",\"@id\":\"https:\/\/marckitus.com\/compra-finalizada\/#breadcrumb\",\"itemListElement\":[{\"@type\":\"ListItem\",\"position\":1,\"name\":\"Portada\",\"item\":\"https:\/\/marckitus.com\/\"},{\"@type\":\"ListItem\",\"position\":2,\"name\":\"Compra finalizada\"}]},{\"@type\":\"WebSite\",\"@id\":\"https:\/\/marckitus.com\/#website\",\"url\":\"https:\/\/marckitus.com\/\",\"name\":\"Bachata men style\",\"description\":\"\",\"publisher\":{\"@id\":\"https:\/\/marckitus.com\/#organization\"},\"potentialAction\":[{\"@type\":\"SearchAction\",\"target\":{\"@type\":\"EntryPoint\",\"urlTemplate\":\"https:\/\/marckitus.com\/?s={search_term_string}\"},\"query-input\":{\"@type\":\"PropertyValueSpecification\",\"valueRequired\":true,\"valueName\":\"search_term_string\"}}],\"inLanguage\":\"en-GB\"},{\"@type\":\"Organization\",\"@id\":\"https:\/\/marckitus.com\/#organization\",\"name\":\"Bachata men style\",\"url\":\"https:\/\/marckitus.com\/\",\"logo\":{\"@type\":\"ImageObject\",\"inLanguage\":\"en-GB\",\"@id\":\"https:\/\/marckitus.com\/#\/schema\/logo\/image\/\",\"url\":\"\",\"contentUrl\":\"\",\"caption\":\"Bachata men style\"},\"image\":{\"@id\":\"https:\/\/marckitus.com\/#\/schema\/logo\/image\/\"}}]}<\/script>\n<!-- \/ Yoast SEO plugin. -->","yoast_head_json":{"title":"Compra finalizada - Bachata men style","robots":{"index":"index","follow":"follow","max-snippet":"max-snippet:-1","max-image-preview":"max-image-preview:large","max-video-preview":"max-video-preview:-1"},"canonical":"https:\/\/marckitus.com\/en\/compra-finalizada\/","og_locale":"en_GB","og_type":"article","og_title":"Compra finalizada - Bachata men style","og_description":"Est\u00e1s dentroRevisa tu correo electr\u00f3nicoCualquier duda o consulta, mandanos un mensaje por instagram o al mail: menstyle@marckitus.comEst\u00e1s dentroRevisa tu correo electr\u00f3nicoCualquier duda o consulta, mandanos un mensaje por instagram o al mail: menstyle@marckitus.com","og_url":"https:\/\/marckitus.com\/en\/compra-finalizada\/","og_site_name":"Bachata men style","article_modified_time":"2024-04-20T18:20:35+00:00","twitter_card":"summary_large_image","schema":{"@context":"https:\/\/schema.org","@graph":[{"@type":"WebPage","@id":"https:\/\/marckitus.com\/compra-finalizada\/","url":"https:\/\/marckitus.com\/compra-finalizada\/","name":"Compra finalizada - Bachata men style","isPartOf":{"@id":"https:\/\/marckitus.com\/#website"},"datePublished":"2024-01-04T19:21:13+00:00","dateModified":"2024-04-20T18:20:35+00:00","breadcrumb":{"@id":"https:\/\/marckitus.com\/compra-finalizada\/#breadcrumb"},"inLanguage":"en-GB","potentialAction":[{"@type":"ReadAction","target":["https:\/\/marckitus.com\/compra-finalizada\/"]}]},{"@type":"BreadcrumbList","@id":"https:\/\/marckitus.com\/compra-finalizada\/#breadcrumb","itemListElement":[{"@type":"ListItem","position":1,"name":"Portada","item":"https:\/\/marckitus.com\/"},{"@type":"ListItem","position":2,"name":"Compra finalizada"}]},{"@type":"WebSite","@id":"https:\/\/marckitus.com\/#website","url":"https:\/\/marckitus.com\/","name":"Bachata men style","description":"","publisher":{"@id":"https:\/\/marckitus.com\/#organization"},"potentialAction":[{"@type":"SearchAction","target":{"@type":"EntryPoint","urlTemplate":"https:\/\/marckitus.com\/?s={search_term_string}"},"query-input":{"@type":"PropertyValueSpecification","valueRequired":true,"valueName":"search_term_string"}}],"inLanguage":"en-GB"},{"@type":"Organization","@id":"https:\/\/marckitus.com\/#organization","name":"Bachata men style","url":"https:\/\/marckitus.com\/","logo":{"@type":"ImageObject","inLanguage":"en-GB","@id":"https:\/\/marckitus.com\/#\/schema\/logo\/image\/","url":"","contentUrl":"","caption":"Bachata men style"},"image":{"@id":"https:\/\/marckitus.com\/#\/schema\/logo\/image\/"}}]}},"_links":{"self":[{"href":"https:\/\/marckitus.com\/en\/wp-json\/wp\/v2\/pages\/6492"}],"collection":[{"href":"https:\/\/marckitus.com\/en\/wp-json\/wp\/v2\/pages"}],"about":[{"href":"https:\/\/marckitus.com\/en\/wp-json\/wp\/v2\/types\/page"}],"author":[{"embeddable":true,"href":"https:\/\/marckitus.com\/en\/wp-json\/wp\/v2\/users\/2"}],"replies":[{"embeddable":true,"href":"https:\/\/marckitus.com\/en\/wp-json\/wp\/v2\/comments?post=6492"}],"version-history":[{"count":4,"href":"https:\/\/marckitus.com\/en\/wp-json\/wp\/v2\/pages\/6492\/revisions"}],"predecessor-version":[{"id":6850,"href":"https:\/\/marckitus.com\/en\/wp-json\/wp\/v2\/pages\/6492\/revisions\/6850"}],"wp:attachment":[{"href":"https:\/\/marckitus.com\/en\/wp-json\/wp\/v2\/media?parent=6492"}],"curies":[{"name":"wp","href":"https:\/\/api.w.org\/{rel}","templated":true}]}}