{"id":5529,"date":"2023-08-16T21:39:05","date_gmt":"2023-08-16T19:39:05","guid":{"rendered":"https:\/\/marckitus.com\/lp-term-conditions\/"},"modified":"2024-05-04T18:40:21","modified_gmt":"2024-05-04T16:40:21","slug":"lp-term-conditions","status":"publish","type":"page","link":"https:\/\/marckitus.com\/en\/lp-term-conditions\/","title":{"rendered":"Terms and Conditions"},"content":{"rendered":"<p><strong>1. Introduction<\/strong><\/p><p>Welcome to the men style online course platform offered by Marckitus.com. By accessing and using our services, you agree to be legally bound by the following terms and conditions. If you do not agree with any of these terms, please refrain from using our services.<\/p><p><strong>2. Registration and User Accounts<\/strong><\/p><p>2.1 By registering on our website, you agree to provide accurate and up-to-date information.<\/p><p>2.2 You are responsible for maintaining the confidentiality of your account and password. Any activity under your account is your sole responsibility.<\/p><p><strong>3. Online Courses<\/strong><\/p><p>3.1 Our online dance courses are one-off courses. By purchasing a course, you get unlimited access to the content.<\/p><p>3.2 Courses are available for purchase by credit\/debit card. By making a purchase, you agree to pay the full price indicated at the time of the transaction.<\/p><p><strong>4. Intellectual Property<\/strong><\/p><p>4.1 All content provided in our courses, including but not limited to videos, learning materials, and additional resources, is protected by copyright and is the exclusive property of Marckitus.com.<\/p><p>4.2 You agree not to distribute, reproduce, modify, or use the content of our courses for commercial or unauthorised purposes.<\/p><p><strong>5. Cancellation and Refund Policy<\/strong><\/p><p>5.1 No cancellations or refunds of purchased courses will be accepted.<\/p><p><strong>6. Limitation of Liability<\/strong><\/p><p>6.1 Marckitus.com shall not be liable for any direct, indirect, incidental, special, or consequential damages arising out of the use of our services.<\/p><p><strong>7. Modifications to the Terms and Conditions<\/strong><\/p><p>7.1 We reserve the right to amend these terms and conditions at any time. Modifications will become effective immediately upon posting on our website.<\/p><p><strong>8. Applicable Law and Jurisdiction<\/strong><\/p><p>8.1 These terms and conditions are governed by the laws of Spain and any dispute arising out of their interpretation or application shall be resolved exclusively in the competent courts of Spain.<\/p><p>By using our services, you accept these terms and conditions in full. If you have any questions or concerns, please contact us at marcbofilloliva@gmail.com.<\/p>","protected":false},"excerpt":{"rendered":"<p>1. Introduction Welcome to the men style online course platform offered by Marckitus.com. By accessing and using our services, you agree to be legally bound by the following terms and conditions. If you do not agree with any of these terms, please refrain from using our services. 2. Registration &amp; User Accounts [...]<\/p>","protected":false},"author":2,"featured_media":0,"parent":0,"menu_order":0,"comment_status":"closed","ping_status":"closed","template":"","meta":{"_et_pb_use_builder":"","_et_pb_old_content":"","_et_gb_content_width":"1080","footnotes":""},"class_list":["post-5529","page","type-page","status-publish","hentry"],"yoast_head":"<!-- This site is optimized with the Yoast SEO plugin v24.8 - https:\/\/yoast.com\/wordpress\/plugins\/seo\/ -->\n<title>T\u00e9rminos y condiciones - Bachata men style<\/title>\n<meta name=\"robots\" content=\"index, follow, max-snippet:-1, max-image-preview:large, max-video-preview:-1\" \/>\n<link rel=\"canonical\" href=\"https:\/\/marckitus.com\/en\/lp-term-conditions\/\" \/>\n<meta property=\"og:locale\" content=\"en_GB\" \/>\n<meta property=\"og:type\" content=\"article\" \/>\n<meta property=\"og:title\" content=\"T\u00e9rminos y condiciones - Bachata men style\" \/>\n<meta property=\"og:description\" content=\"1. Introducci\u00f3n Bienvenido(a) a la plataforma de cursos online de men style ofrecida por Marckitus.com. Al acceder y utilizar nuestros servicios, usted acepta estar legalmente vinculado por los siguientes t\u00e9rminos y condiciones. Si no est\u00e1 de acuerdo con alguno de estos t\u00e9rminos, por favor abst\u00e9ngase de utilizar nuestros servicios. 2. Registro y Cuentas de Usuario [&hellip;]\" \/>\n<meta property=\"og:url\" content=\"https:\/\/marckitus.com\/en\/lp-term-conditions\/\" \/>\n<meta property=\"og:site_name\" content=\"Bachata men style\" \/>\n<meta property=\"article:modified_time\" content=\"2024-05-04T16:40:21+00:00\" \/>\n<meta name=\"twitter:card\" content=\"summary_large_image\" \/>\n<meta name=\"twitter:label1\" content=\"Estimated reading time\" \/>\n\t<meta name=\"twitter:data1\" content=\"2 minutes\" \/>\n<script type=\"application\/ld+json\" class=\"yoast-schema-graph\">{\"@context\":\"https:\/\/schema.org\",\"@graph\":[{\"@type\":\"WebPage\",\"@id\":\"https:\/\/marckitus.com\/lp-term-conditions\/\",\"url\":\"https:\/\/marckitus.com\/lp-term-conditions\/\",\"name\":\"T\u00e9rminos y condiciones - Bachata men style\",\"isPartOf\":{\"@id\":\"https:\/\/marckitus.com\/#website\"},\"datePublished\":\"2023-08-16T19:39:05+00:00\",\"dateModified\":\"2024-05-04T16:40:21+00:00\",\"breadcrumb\":{\"@id\":\"https:\/\/marckitus.com\/lp-term-conditions\/#breadcrumb\"},\"inLanguage\":\"en-GB\",\"potentialAction\":[{\"@type\":\"ReadAction\",\"target\":[\"https:\/\/marckitus.com\/lp-term-conditions\/\"]}]},{\"@type\":\"BreadcrumbList\",\"@id\":\"https:\/\/marckitus.com\/lp-term-conditions\/#breadcrumb\",\"itemListElement\":[{\"@type\":\"ListItem\",\"position\":1,\"name\":\"Portada\",\"item\":\"https:\/\/marckitus.com\/\"},{\"@type\":\"ListItem\",\"position\":2,\"name\":\"T\u00e9rminos y condiciones\"}]},{\"@type\":\"WebSite\",\"@id\":\"https:\/\/marckitus.com\/#website\",\"url\":\"https:\/\/marckitus.com\/\",\"name\":\"Bachata men style\",\"description\":\"\",\"publisher\":{\"@id\":\"https:\/\/marckitus.com\/#organization\"},\"potentialAction\":[{\"@type\":\"SearchAction\",\"target\":{\"@type\":\"EntryPoint\",\"urlTemplate\":\"https:\/\/marckitus.com\/?s={search_term_string}\"},\"query-input\":{\"@type\":\"PropertyValueSpecification\",\"valueRequired\":true,\"valueName\":\"search_term_string\"}}],\"inLanguage\":\"en-GB\"},{\"@type\":\"Organization\",\"@id\":\"https:\/\/marckitus.com\/#organization\",\"name\":\"Bachata men style\",\"url\":\"https:\/\/marckitus.com\/\",\"logo\":{\"@type\":\"ImageObject\",\"inLanguage\":\"en-GB\",\"@id\":\"https:\/\/marckitus.com\/#\/schema\/logo\/image\/\",\"url\":\"\",\"contentUrl\":\"\",\"caption\":\"Bachata men style\"},\"image\":{\"@id\":\"https:\/\/marckitus.com\/#\/schema\/logo\/image\/\"}}]}<\/script>\n<!-- \/ Yoast SEO plugin. -->","yoast_head_json":{"title":"T\u00e9rminos y condiciones - Bachata men style","robots":{"index":"index","follow":"follow","max-snippet":"max-snippet:-1","max-image-preview":"max-image-preview:large","max-video-preview":"max-video-preview:-1"},"canonical":"https:\/\/marckitus.com\/en\/lp-term-conditions\/","og_locale":"en_GB","og_type":"article","og_title":"T\u00e9rminos y condiciones - Bachata men style","og_description":"1. Introducci\u00f3n Bienvenido(a) a la plataforma de cursos online de men style ofrecida por Marckitus.com. Al acceder y utilizar nuestros servicios, usted acepta estar legalmente vinculado por los siguientes t\u00e9rminos y condiciones. Si no est\u00e1 de acuerdo con alguno de estos t\u00e9rminos, por favor abst\u00e9ngase de utilizar nuestros servicios. 2. Registro y Cuentas de Usuario [&hellip;]","og_url":"https:\/\/marckitus.com\/en\/lp-term-conditions\/","og_site_name":"Bachata men style","article_modified_time":"2024-05-04T16:40:21+00:00","twitter_card":"summary_large_image","twitter_misc":{"Estimated reading time":"2 minutes"},"schema":{"@context":"https:\/\/schema.org","@graph":[{"@type":"WebPage","@id":"https:\/\/marckitus.com\/lp-term-conditions\/","url":"https:\/\/marckitus.com\/lp-term-conditions\/","name":"T\u00e9rminos y condiciones - Bachata men style","isPartOf":{"@id":"https:\/\/marckitus.com\/#website"},"datePublished":"2023-08-16T19:39:05+00:00","dateModified":"2024-05-04T16:40:21+00:00","breadcrumb":{"@id":"https:\/\/marckitus.com\/lp-term-conditions\/#breadcrumb"},"inLanguage":"en-GB","potentialAction":[{"@type":"ReadAction","target":["https:\/\/marckitus.com\/lp-term-conditions\/"]}]},{"@type":"BreadcrumbList","@id":"https:\/\/marckitus.com\/lp-term-conditions\/#breadcrumb","itemListElement":[{"@type":"ListItem","position":1,"name":"Portada","item":"https:\/\/marckitus.com\/"},{"@type":"ListItem","position":2,"name":"T\u00e9rminos y condiciones"}]},{"@type":"WebSite","@id":"https:\/\/marckitus.com\/#website","url":"https:\/\/marckitus.com\/","name":"Bachata men style","description":"","publisher":{"@id":"https:\/\/marckitus.com\/#organization"},"potentialAction":[{"@type":"SearchAction","target":{"@type":"EntryPoint","urlTemplate":"https:\/\/marckitus.com\/?s={search_term_string}"},"query-input":{"@type":"PropertyValueSpecification","valueRequired":true,"valueName":"search_term_string"}}],"inLanguage":"en-GB"},{"@type":"Organization","@id":"https:\/\/marckitus.com\/#organization","name":"Bachata men style","url":"https:\/\/marckitus.com\/","logo":{"@type":"ImageObject","inLanguage":"en-GB","@id":"https:\/\/marckitus.com\/#\/schema\/logo\/image\/","url":"","contentUrl":"","caption":"Bachata men style"},"image":{"@id":"https:\/\/marckitus.com\/#\/schema\/logo\/image\/"}}]}},"_links":{"self":[{"href":"https:\/\/marckitus.com\/en\/wp-json\/wp\/v2\/pages\/5529"}],"collection":[{"href":"https:\/\/marckitus.com\/en\/wp-json\/wp\/v2\/pages"}],"about":[{"href":"https:\/\/marckitus.com\/en\/wp-json\/wp\/v2\/types\/page"}],"author":[{"embeddable":true,"href":"https:\/\/marckitus.com\/en\/wp-json\/wp\/v2\/users\/2"}],"replies":[{"embeddable":true,"href":"https:\/\/marckitus.com\/en\/wp-json\/wp\/v2\/comments?post=5529"}],"version-history":[{"count":3,"href":"https:\/\/marckitus.com\/en\/wp-json\/wp\/v2\/pages\/5529\/revisions"}],"predecessor-version":[{"id":6997,"href":"https:\/\/marckitus.com\/en\/wp-json\/wp\/v2\/pages\/5529\/revisions\/6997"}],"wp:attachment":[{"href":"https:\/\/marckitus.com\/en\/wp-json\/wp\/v2\/media?parent=5529"}],"curies":[{"name":"wp","href":"https:\/\/api.w.org\/{rel}","templated":true}]}}